{"id":535,"date":"2024-08-13T11:15:23","date_gmt":"2024-08-13T10:15:23","guid":{"rendered":"https:\/\/aboronatadvocadamediadora.com\/serveis-juridics\/"},"modified":"2024-10-08T16:18:40","modified_gmt":"2024-10-08T15:18:40","slug":"serveis-juridics","status":"publish","type":"page","link":"https:\/\/aboronatadvocadamediadora.com\/ca\/serveis-juridics\/","title":{"rendered":"Serveis Jur\u00eddics"},"content":{"rendered":"<div class=\"wpb-content-wrapper\"><p>[vc_row][vc_column][vc_custom_heading text=&#8221;ABoronat Advocada i Mediadora &#8211; Serveis Jur\u00eddics&#8221; font_container=&#8221;tag:h1|text_align:left&#8221; use_theme_fonts=&#8221;yes&#8221; css=&#8221;&#8221; el_class=&#8221;d-none&#8221;]<div class=\"porto-block slider-servicios-juridicos\" data-id=\"542\"><style>.vc_custom_1723619262273{margin-bottom: 20px !important;}.wpb_custom_c86c2fb53cae9eced42d4b8900a042f3 .owl-item:not(.active){opacity: 0.5}.wpb_custom_c86c2fb53cae9eced42d4b8900a042f3{--porto-el-spacing: 0px;}<\/style>[vc_row full_width=\"stretch_row\" no_padding=\"yes\" el_class=\"mlh_slider overflow-hidden intro-section\" conditional_render=\"%5B%7B%22value_role%22%3A%22administrator%22%7D%5D\" el_id=\"slider\"][vc_column][vc_row_inner el_class=\"intro-banner\"][vc_column_inner el_class=\"h-100\"]<div class=\"porto-carousel owl-carousel has-ccols ccols-xl-1 ccols-lg-1 ccols-md-1 ccols-sm-1 ccols-1 custom-nav-style mb-0 h-100 wpb_custom_c86c2fb53cae9eced42d4b8900a042f3 nav-bottom\" data-plugin-options=\"{&quot;themeConfig&quot;:true,&quot;stagePadding&quot;:0,&quot;margin&quot;:0,&quot;autoplay&quot;:&quot;yes&quot;,&quot;mouseDrag&quot;:false,&quot;touchDrag&quot;:false,&quot;autoplayTimeout&quot;:6000,&quot;autoplayHoverPause&quot;:false,&quot;items&quot;:1,&quot;xl&quot;:1,&quot;lg&quot;:1,&quot;md&quot;:1,&quot;sm&quot;:1,&quot;xs&quot;:1,&quot;nav&quot;:&quot;yes&quot;,&quot;dots&quot;:false,&quot;animateIn&quot;:&quot;fadeIn&quot;,&quot;animateOut&quot;:&quot;fadeOut&quot;,&quot;loop&quot;:false,&quot;center&quot;:false,&quot;video&quot;:false,&quot;lazyLoad&quot;:false,&quot;fullscreen&quot;:false}\"><div class=\"porto-ibanner interactive-banner-wrap-07dd21040fa50768c9d370ae74e47015 mb-0 slide-1 mlh_slider_servicios\" style=\"background:#f2f2f2;\"><div class=\"banner-effect-wrapper\"><div class=\"banner-effect kenBurnsToLeft\" style=\"background-image: url(https:\/\/aboronatadvocadamediadora.com\/wp-content\/uploads\/2024\/08\/slider02.jpg); background-size: cover;background-position: center;animation-duration: 20s;\"><\/div><\/div><img loading=\"lazy\" decoding=\"async\" alt=\"slider02\" width=\"2560\" height=\"1440\" class=\"porto-ibanner-img invisible\" src=\"https:\/\/aboronatadvocadamediadora.com\/wp-content\/uploads\/2024\/08\/slider02.jpg\" srcset=\"https:\/\/aboronatadvocadamediadora.com\/wp-content\/uploads\/2024\/08\/slider02.jpg 2560w, https:\/\/aboronatadvocadamediadora.com\/wp-content\/uploads\/2024\/08\/slider02-1024x576.jpg 1024w, https:\/\/aboronatadvocadamediadora.com\/wp-content\/uploads\/2024\/08\/slider02-768x432.jpg 768w, https:\/\/aboronatadvocadamediadora.com\/wp-content\/uploads\/2024\/08\/slider02-1536x864.jpg 1536w, https:\/\/aboronatadvocadamediadora.com\/wp-content\/uploads\/2024\/08\/slider02-2048x1152.jpg 2048w, https:\/\/aboronatadvocadamediadora.com\/wp-content\/uploads\/2024\/08\/slider02-640x360.jpg 640w, https:\/\/aboronatadvocadamediadora.com\/wp-content\/uploads\/2024\/08\/slider02-400x225.jpg 400w\" sizes=\"auto, (max-width: 2560px) 100vw, 2560px\"><div class=\"porto-ibanner-desc no-padding d-flex\"><div class=\"container\"><div class=\"porto-ibanner-container\"><div class=\"porto-ibanner-layer wpb_custom_2c5109c031829f9c54153ed0e6239ff6 banner-pos-6b3c2689a2e824e6175779f33e65c3af\" style=\"width:100%;\">[vc_custom_heading text=\"Serveis Jur\u00eddics a Barcelona\" font_container=\"tag:h2|font_size:50px|text_align:center|color:var(--porto-light-color)\" use_theme_fonts=\"yes\" css=\".vc_custom_1723619262273{margin-bottom: 20px !important;}\" text_transform=\"text-uppercase\" skin=\"light\"]<style>.banner-pos-6b3c2689a2e824e6175779f33e65c3af {left: 50%;right: unset;transform: translateX(-50%);bottom:10%; top: unset;}<\/style><\/div><\/div><\/div><\/div><\/div><\/div>[\/vc_column_inner][\/vc_row_inner][\/vc_column][\/vc_row]<\/div>[\/vc_column][\/vc_row][vc_row animation_duration=&#8221;1200&#8243; animation_delay=&#8221;200&#8243; css=&#8221;.vc_custom_1724666196648{margin-top: 50px !important;margin-bottom: 50px !important;}&#8221; conditional_render=&#8221;%5B%7B%22value_role%22%3A%22administrator%22%7D%5D&#8221; animation_type=&#8221;fadeIn&#8221;][vc_column][vc_custom_heading text=&#8221;Solucions legals adaptades a les vostres necessitats&#8221; font_container=&#8221;tag:h2|text_align:center|color:var(&#8211;porto-primary-color)&#8221; use_theme_fonts=&#8221;yes&#8221; css=&#8221;&#8221; letter_spacing=&#8221;0.1em&#8221;][vc_column_text css=&#8221;&#8221;]A <strong>Ana Boronat Advocada i Mediadora, reconeguda advocada i mediadora<\/strong> amb despatx a Malgrat de Mar, <strong>BARCELONA<\/strong> , ofereix una <strong>\u00e0mplia gamma de serveis<\/strong> jur\u00eddics dissenyats per <strong>protegir els seus drets i resoldre els seus conflictes legals.<\/strong>[\/vc_column_text][\/vc_column][\/vc_row][vc_section el_id=&#8221;civil&#8221; conditional_render=&#8221;%5B%7B%22value_role%22%3A%22administrator%22%7D%5D&#8221; css=&#8221;.vc_custom_1723616351777{margin-top: 50px !important;margin-bottom: 50px !important;}&#8221;][vc_row animation_duration=&#8221;1200&#8243; animation_delay=&#8221;200&#8243; conditional_render=&#8221;%5B%7B%22value_role%22%3A%22administrator%22%7D%5D&#8221; animation_type=&#8221;fadeInLeft&#8221;][vc_column width=&#8221;1\/4&#8243;][vc_single_image image=&#8221;334&#8243; img_size=&#8221;medium&#8221; css=&#8221;&#8221;][\/vc_column][vc_column width=&#8221;3\/4&#8243;][vc_custom_heading text=&#8221;Dret Civil&#8221; font_container=&#8221;tag:h3|font_size:25px|text_align:center|color:var(&#8211;porto-tertiary-color)&#8221; use_theme_fonts=&#8221;yes&#8221; css=&#8221;&#8221; text_transform=&#8221;text-uppercase&#8221; letter_spacing=&#8221;0.1em&#8221;][vc_column_text css=&#8221;&#8221;]Ja sigui que necessiti <strong>assessorament en contractes, litigis de propietat, neglig\u00e8ncia<\/strong> o qualsevol altre assumpte civil, puc representar-lo amb habilitat i defensar els seus interessos legals.[\/vc_column_text][\/vc_column][\/vc_row][\/vc_section][vc_section el_id=&#8221;matrimonial&#8221; conditional_render=&#8221;%5B%7B%22value_role%22%3A%22administrator%22%7D%5D&#8221; css=&#8221;.vc_custom_1723616358736{margin-top: 50px !important;margin-bottom: 50px !important;}&#8221;][vc_row animation_duration=&#8221;1200&#8243; animation_delay=&#8221;200&#8243; animation_type=&#8221;fadeInRight&#8221; conditional_render=&#8221;%5B%7B%22value_role%22%3A%22administrator%22%7D%5D&#8221;][vc_column width=&#8221;3\/4&#8243;][vc_custom_heading text=&#8221;Dret Matrimonial&#8221; font_container=&#8221;tag:h3|font_size:25px|text_align:center|color:var(&#8211;porto-tertiary-color)&#8221; use_theme_fonts=&#8221;yes&#8221; css=&#8221;&#8221; text_transform=&#8221;text-uppercase&#8221; letter_spacing=&#8221;0.1em&#8221;][vc_column_text css=&#8221;&#8221;]Els assumptes familiars poden ser emocionalment desafiadors. Ofereixo el meu comprom\u00eds per <strong>brindar-li suport i orientaci\u00f3 <\/strong>durant processos de <strong>divorci, cust\u00f2dia de menors, pensi\u00f3 aliment\u00e0ria, adopcions<\/strong> i altres temes relacionats. L&#8217;assessorar\u00e9 per assolir solucions justes i equitatives.[\/vc_column_text][\/vc_column][vc_column width=&#8221;1\/4&#8243;][vc_single_image image=&#8221;335&#8243; img_size=&#8221;medium&#8221; alignment=&#8221;right&#8221; css=&#8221;&#8221;][\/vc_column][\/vc_row][\/vc_section][vc_section el_id=&#8221;her\u00e8ncia&#8221; conditional_render=&#8221;%5B%7B%22value_role%22%3A%22administrator%22%7D%5D&#8221; css=&#8221;.vc_custom_1723616367880{margin-top: 50px !important;margin-bottom: 50px !important;}&#8221;][vc_row animation_duration=&#8221;1200&#8243; animation_delay=&#8221;200&#8243; animation_type=&#8221;fadeInLeft&#8221; conditional_render=&#8221;%5B%7B%22value_role%22%3A%22administrator%22%7D%5D&#8221;][vc_column width=&#8221;1\/4&#8243;][vc_single_image image=&#8221;336&#8243; img_size=&#8221;medium&#8221; css=&#8221;&#8221;][\/vc_column][vc_column width=&#8221;3\/4&#8243;][vc_custom_heading text=&#8221;Dret de Successions (her\u00e8ncies)&#8221; font_container=&#8221;tag:h3|font_size:25px|text_align:center|color:var(&#8211;porto-tertiary-color)&#8221; use_theme_fonts=&#8221;yes&#8221; css=&#8221;&#8221; text_transform=&#8221;text-uppercase&#8221; letter_spacing=&#8221;0.1em&#8221;][vc_column_text css=&#8221;&#8221;]La planificaci\u00f3 de la <strong>successi\u00f3 i la gesti\u00f3<\/strong> dels assumptes relacionats amb les <strong>her\u00e8ncies<\/strong> s\u00f3n \u00e0rees complexes del dret. Us ofereixo assessorament professional per garantir que els assumptes d&#8217;her\u00e8ncia es resolguin adequadament.[\/vc_column_text][\/vc_column][\/vc_row][\/vc_section][vc_section full_width=&#8221;stretch_row&#8221; el_id=&#8221;cta&#8221; conditional_render=&#8221;%5B%7B%22value_role%22%3A%22administrator%22%7D%5D&#8221; css=&#8221;.vc_custom_1723616597943{background-image: url(https:\/\/aboronatadvocadamediadora.com\/wp-content\/uploads\/2024\/08\/fondo_cta.jpg?id=306) !important;}&#8221;][vc_row][vc_column css=&#8221;.vc_custom_1723616633023{padding-top: 50px !important;padding-bottom: 50px !important;}&#8221; conditional_render=&#8221;%5B%7B%22value_role%22%3A%22administrator%22%7D%5D&#8221;][vc_custom_heading text=&#8221;Resol els teus problemes legals amb Ana Boronat Advocada i Mediadora ara mateix!&#8221; font_container=&#8221;tag:h2|font_size:46px|text_align:center|color:var(&#8211;porto-light-color)|line_height:1.1em&#8221; use_theme_fonts=&#8221;yes&#8221; css=&#8221;&#8221;][\/vc_column][\/vc_row][\/vc_section][vc_section el_id=&#8221;propietat&#8221; conditional_render=&#8221;%5B%7B%22value_role%22%3A%22administrator%22%7D%5D&#8221; css=&#8221;.vc_custom_1723616378551{margin-top: 50px !important;margin-bottom: 50px !important;}&#8221;][vc_row animation_duration=&#8221;1200&#8243; animation_delay=&#8221;200&#8243; animation_type=&#8221;fadeInRight&#8221; conditional_render=&#8221;%5B%7B%22value_role%22%3A%22administrator%22%7D%5D&#8221;][vc_column width=&#8221;3\/4&#8243;][vc_custom_heading text=&#8221;Dret a la Propietat (Comunitats de Propietaris)&#8221; font_container=&#8221;tag:h3|font_size:25px|text_align:center|color:var(&#8211;porto-tertiary-color)&#8221; use_theme_fonts=&#8221;yes&#8221; css=&#8221;&#8221; text_transform=&#8221;text-uppercase&#8221; letter_spacing=&#8221;0.1em&#8221;][vc_column_text css=&#8221;&#8221;]Si sou <strong>propietari d&#8217;un habitatge o administrau una comunitat<\/strong> de propietaris, els meus serveis legals en Dret a la Propietat poden ser de gran ajuda. Li proporciono <strong>assessorament quant a drets i obligacions, redacci\u00f3 i revisi\u00f3 de contractes<\/strong>, aix\u00ed com <strong>representaci\u00f3 en disputes i litigis<\/strong> relacionats amb la propietat.[\/vc_column_text][\/vc_column][vc_column width=&#8221;1\/4&#8243;][vc_single_image image=&#8221;337&#8243; img_size=&#8221;medium&#8221; alignment=&#8221;right&#8221; css=&#8221;&#8221;][\/vc_column][\/vc_row][\/vc_section][vc_section el_id=&#8221;arrendament&#8221; conditional_render=&#8221;%5B%7B%22value_role%22%3A%22administrator%22%7D%5D&#8221; css=&#8221;.vc_custom_1723616384152{margin-top: 50px !important;margin-bottom: 50px !important;}&#8221;][vc_row animation_duration=&#8221;1200&#8243; animation_delay=&#8221;200&#8243; animation_type=&#8221;fadeInLeft&#8221; conditional_render=&#8221;%5B%7B%22value_role%22%3A%22administrator%22%7D%5D&#8221;][vc_column width=&#8221;1\/4&#8243;][vc_single_image image=&#8221;338&#8243; img_size=&#8221;medium&#8221; css=&#8221;&#8221;][\/vc_column][vc_column width=&#8221;3\/4&#8243;][vc_custom_heading text=&#8221;Dret a l&apos;arrendament&#8221; font_container=&#8221;tag:h3|font_size:25px|text_align:center|color:var(&#8211;porto-tertiary-color)&#8221; use_theme_fonts=&#8221;yes&#8221; css=&#8221;&#8221; text_transform=&#8221;text-uppercase&#8221; letter_spacing=&#8221;0.1em&#8221;][vc_column_text css=&#8221;&#8221;]Si sou arrendador o arrendatari i enfronteu <strong>problemes relacionats amb el contracte d&#8217;arrendament<\/strong> , us ofereixo els meus serveis per a la <strong>redacci\u00f3 de contractes d&#8217;arrendament legals, resoldre disputes de lloguer i representar-lo en casos de desnonament o incompliment contractual.<\/strong>[\/vc_column_text][\/vc_column][\/vc_row][\/vc_section]<\/p>\n<\/div>","protected":false},"excerpt":{"rendered":"<p>[vc_row][vc_column][vc_custom_heading text=&#8221;ABoronat Advocada i Mediadora &#8211; Serveis Jur\u00eddics&#8221; font_container=&#8221;tag:h1|text_align:left&#8221; use_theme_fonts=&#8221;yes&#8221; css=&#8221;&#8221; el_class=&#8221;d-none&#8221;][\/vc_column][\/vc_row][vc_row animation_duration=&#8221;1200&#8243; animation_delay=&#8221;200&#8243; css=&#8221;.vc_custom_1724666196648{margin-top: 50px !important;margin-bottom: 50px !important;}&#8221; conditional_render=&#8221;%5B%7B%22value_role%22%3A%22administrator%22%7D%5D&#8221; animation_type=&#8221;fadeIn&#8221;][vc_column][vc_custom_heading text=&#8221;Solucions legals adaptades a les vostres necessitats&#8221; font_container=&#8221;tag:h2|text_align:center|color:var(&#8211;porto-primary-color)&#8221; use_theme_fonts=&#8221;yes&#8221; css=&#8221;&#8221; letter_spacing=&#8221;0.1em&#8221;][vc_column_text css=&#8221;&#8221;]A Ana Boronat Advocada i Mediadora, reconeguda advocada i mediadora amb despatx a Malgrat de Mar, BARCELONA , ofereix una \u00e0mplia gamma de [&hellip;]<\/p>\n","protected":false},"author":4,"featured_media":0,"parent":0,"menu_order":0,"comment_status":"closed","ping_status":"closed","template":"","meta":{"_seopress_robots_primary_cat":"","_seopress_titles_title":"","_seopress_titles_desc":"Oferim serveis jur\u00eddics especialitzats en dret civil i matrimonial. La teva soluci\u00f3 legal personalitzada \u00e9s aqu\u00ed.","_seopress_robots_index":"","_joinchat":[],"footnotes":""},"class_list":["post-535","page","type-page","status-publish","hentry"],"_links":{"self":[{"href":"https:\/\/aboronatadvocadamediadora.com\/ca\/wp-json\/wp\/v2\/pages\/535","targetHints":{"allow":["GET"]}}],"collection":[{"href":"https:\/\/aboronatadvocadamediadora.com\/ca\/wp-json\/wp\/v2\/pages"}],"about":[{"href":"https:\/\/aboronatadvocadamediadora.com\/ca\/wp-json\/wp\/v2\/types\/page"}],"author":[{"embeddable":true,"href":"https:\/\/aboronatadvocadamediadora.com\/ca\/wp-json\/wp\/v2\/users\/4"}],"replies":[{"embeddable":true,"href":"https:\/\/aboronatadvocadamediadora.com\/ca\/wp-json\/wp\/v2\/comments?post=535"}],"version-history":[{"count":2,"href":"https:\/\/aboronatadvocadamediadora.com\/ca\/wp-json\/wp\/v2\/pages\/535\/revisions"}],"predecessor-version":[{"id":608,"href":"https:\/\/aboronatadvocadamediadora.com\/ca\/wp-json\/wp\/v2\/pages\/535\/revisions\/608"}],"wp:attachment":[{"href":"https:\/\/aboronatadvocadamediadora.com\/ca\/wp-json\/wp\/v2\/media?parent=535"}],"curies":[{"name":"wp","href":"https:\/\/api.w.org\/{rel}","templated":true}]}}