{"id":529,"date":"2024-08-14T13:46:55","date_gmt":"2024-08-14T12:46:55","guid":{"rendered":"https:\/\/aboronatadvocadamediadora.com\/contacte\/"},"modified":"2024-10-08T16:13:11","modified_gmt":"2024-10-08T15:13:11","slug":"contacte","status":"publish","type":"page","link":"https:\/\/aboronatadvocadamediadora.com\/ca\/contacte\/","title":{"rendered":"Contacte"},"content":{"rendered":"<div class=\"wpb-content-wrapper\"><p>[vc_row][vc_column][vc_custom_heading text=&#8221;ABoronat Advocada i Mediadora &#8211; Contacte&#8221; font_container=&#8221;tag:h1|text_align:left&#8221; use_theme_fonts=&#8221;yes&#8221; css=&#8221;&#8221; el_class=&#8221;d-none&#8221;]<div class=\"porto-block\" data-id=\"546\"><style>.vc_custom_1723803178820{margin-bottom: 20px !important;}.wpb_custom_c86c2fb53cae9eced42d4b8900a042f3 .owl-item:not(.active){opacity: 0.5}.wpb_custom_c86c2fb53cae9eced42d4b8900a042f3{--porto-el-spacing: 0px;}<\/style>[vc_row full_width=\"stretch_row\" no_padding=\"yes\" el_class=\"mlh_slider overflow-hidden intro-section\" conditional_render=\"%5B%7B%22value_role%22%3A%22administrator%22%7D%5D\" el_id=\"slider\"][vc_column][vc_row_inner el_class=\"intro-banner\"][vc_column_inner el_class=\"h-100\"]<div class=\"porto-carousel owl-carousel has-ccols ccols-xl-1 ccols-lg-1 ccols-md-1 ccols-sm-1 ccols-1 custom-nav-style mb-0 h-100 wpb_custom_c86c2fb53cae9eced42d4b8900a042f3 nav-bottom\" data-plugin-options=\"{&quot;themeConfig&quot;:true,&quot;stagePadding&quot;:0,&quot;margin&quot;:0,&quot;autoplay&quot;:&quot;yes&quot;,&quot;mouseDrag&quot;:false,&quot;touchDrag&quot;:false,&quot;autoplayTimeout&quot;:6000,&quot;autoplayHoverPause&quot;:false,&quot;items&quot;:1,&quot;xl&quot;:1,&quot;lg&quot;:1,&quot;md&quot;:1,&quot;sm&quot;:1,&quot;xs&quot;:1,&quot;nav&quot;:&quot;yes&quot;,&quot;dots&quot;:false,&quot;animateIn&quot;:&quot;fadeIn&quot;,&quot;animateOut&quot;:&quot;fadeOut&quot;,&quot;loop&quot;:false,&quot;center&quot;:false,&quot;video&quot;:false,&quot;lazyLoad&quot;:false,&quot;fullscreen&quot;:false}\"><div class=\"porto-ibanner interactive-banner-wrap-07dd21040fa50768c9d370ae74e47015 mb-0 slide-1 mlh_slider_servicios\" style=\"background:#f2f2f2;\"><div class=\"banner-effect-wrapper\"><div class=\"banner-effect kenBurnsToRight\" style=\"background-image: url(https:\/\/aboronatadvocadamediadora.com\/wp-content\/uploads\/2024\/08\/Aboronat_contacto.jpg); background-size: cover;background-position: center;animation-duration: 20s;\"><\/div><\/div><img loading=\"lazy\" decoding=\"async\" alt=\"Aboronat_contacto\" width=\"2560\" height=\"1439\" class=\"porto-ibanner-img invisible\" src=\"https:\/\/aboronatadvocadamediadora.com\/wp-content\/uploads\/2024\/08\/Aboronat_contacto.jpg\" srcset=\"https:\/\/aboronatadvocadamediadora.com\/wp-content\/uploads\/2024\/08\/Aboronat_contacto.jpg 2560w, https:\/\/aboronatadvocadamediadora.com\/wp-content\/uploads\/2024\/08\/Aboronat_contacto-1024x576.jpg 1024w, https:\/\/aboronatadvocadamediadora.com\/wp-content\/uploads\/2024\/08\/Aboronat_contacto-768x432.jpg 768w, https:\/\/aboronatadvocadamediadora.com\/wp-content\/uploads\/2024\/08\/Aboronat_contacto-1536x863.jpg 1536w, https:\/\/aboronatadvocadamediadora.com\/wp-content\/uploads\/2024\/08\/Aboronat_contacto-2048x1151.jpg 2048w, https:\/\/aboronatadvocadamediadora.com\/wp-content\/uploads\/2024\/08\/Aboronat_contacto-640x360.jpg 640w, https:\/\/aboronatadvocadamediadora.com\/wp-content\/uploads\/2024\/08\/Aboronat_contacto-400x225.jpg 400w\" sizes=\"auto, (max-width: 2560px) 100vw, 2560px\"><div class=\"porto-ibanner-desc no-padding d-flex\"><div class=\"container\"><div class=\"porto-ibanner-container\"><div class=\"porto-ibanner-layer wpb_custom_2c5109c031829f9c54153ed0e6239ff6 banner-pos-6b3c2689a2e824e6175779f33e65c3af\" style=\"width:80%;\">[vc_custom_heading text=\"SERVEIS LEGALS I MEDIACI\u00d3 A MALGRAT DE MAR AMB ANA BORONAT ADVOCAT I MEDIADORA\" font_container=\"tag:h2|font_size:50px|text_align:center|color:var(--porto-light-color)|line_height:1.2em\" use_theme_fonts=\"yes\" css=\".vc_custom_1723803178820{margin-bottom: 20px !important;}\" text_transform=\"text-uppercase\" skin=\"light\"]<style>.banner-pos-6b3c2689a2e824e6175779f33e65c3af {left: 50%;right: unset;transform: translateX(-50%);bottom:10%; top: unset;}<\/style><\/div><\/div><\/div><\/div><\/div><\/div>[\/vc_column_inner][\/vc_row_inner][\/vc_column][\/vc_row]<\/div>[\/vc_column][\/vc_row][vc_section css=&#8221;.vc_custom_1723639782995{margin-top: 50px !important;margin-bottom: 50px !important;}&#8221; conditional_render=&#8221;%5B%7B%22value_role%22%3A%22administrator%22%7D%5D&#8221;][vc_row gap=&#8221;15&#8243; conditional_render=&#8221;%5B%7B%22value_role%22%3A%22administrator%22%7D%5D&#8221;][vc_column width=&#8221;1\/2&#8243; css=&#8221;.vc_custom_1723640114911{padding-right: 15px !important;padding-left: 15px !important;}&#8221; conditional_render=&#8221;%5B%7B%22value_role%22%3A%22administrator%22%7D%5D&#8221;][vc_custom_heading text=&#8221;Poseu-vos en contacte amb mi&#8221; font_container=&#8221;tag:h2|font_size:32px|text_align:left|color:var(&#8211;porto-primary-color)|line_height:1.2em&#8221; use_theme_fonts=&#8221;yes&#8221; css=&#8221;.vc_custom_1723639127474{margin-bottom: 20px !important;}&#8221; font_family=&#8221;Abel&#8221; text_transform=&#8221;text-uppercase&#8221;][vc_column_text css=&#8221;&#8221;]S\u00f3c <strong>Ana Boronat Advocada i Mediadora<\/strong> , amb seu a Malgrat de Mar, <strong>BARCELONA<\/strong> . Estic compromesa a oferir <strong>solucions efectives<\/strong> als meus clients.[\/vc_column_text][vc_column_text css=&#8221;&#8221;]<\/p>\n<p class=\"bodytext\">Si necessiteu <strong>assessorament legal o serveis de mediaci\u00f3<\/strong> , estic aqu\u00ed per ajudar-lo.<\/p>\n<p class=\"bodytext\">No dubteu a contactar amb mi per comentar el vostre cas o resoldre qualsevol mena de dubte. Li oferir\u00e9 l&#8217;orientaci\u00f3 que necessita. <\/p>\n<p>[\/vc_column_text][\/vc_column][vc_column width=&#8221;1\/2&#8243;][vc_row_inner el_class=&#8221;mlh_contacto_box&#8221; css=&#8221;.vc_custom_1723797141883{margin-top: 10px !important;margin-bottom: 10px !important;}&#8221;][vc_column_inner css=&#8221;.vc_custom_1723796930396{padding-top: 10px !important;padding-right: 5px !important;padding-bottom: 10px !important;padding-left: 5px !important;}&#8221;]<div class=\"porto-sicon-box  wpb_custom_9906bdd8dbd121a6eab3d32370790d65 style_1 default-icon flex-wrap\"><div class=\"porto-sicon-default\"><div class=\"porto-just-icon-wrapper porto-icon none\" style=\"color:var(--porto-primary-color);font-size:24px;\"><i class=\"fas fa-map-marker-alt\"><\/i><\/div><\/div><div class=\"porto-sicon-header\" style=\"margin-bottom:0px;\"><h3 class=\"porto-sicon-title\" style=\"margin-top:0px;margin-bottom:0px;\">ADRE\u00c7A<\/h3><\/div> <!-- header --><div class=\"porto-sicon-description\" style=\"color:var(--porto-dark-color);\">Carrer Bellaire, 23 LOCAL<\/p>\n<p> 08380 Malgrat de Mar, BARCELONA<\/div> <!-- description --><\/div><!-- porto-sicon-box -->[\/vc_column_inner][\/vc_row_inner][vc_row_inner el_class=&#8221;mlh_contacto_box&#8221; css=&#8221;.vc_custom_1723797147816{margin-top: 10px !important;margin-bottom: 10px !important;}&#8221;][vc_column_inner css=&#8221;.vc_custom_1723796918291{padding-top: 10px !important;padding-right: 5px !important;padding-bottom: 10px !important;padding-left: 5px !important;}&#8221;]<a aria-label=\"TEL\u00c8FON\" class=\"porto-sicon-box-link\" href=\"tel:+34630503144\" target='_blank'><div class=\"porto-sicon-box  wpb_custom_eeceda22ef29dd72577158556f1a3381 style_1 default-icon flex-wrap\"><div class=\"porto-sicon-default\"><div class=\"porto-just-icon-wrapper porto-icon none\" style=\"color:var(--porto-primary-color);font-size:24px;\"><i class=\"fas fa-phone\"><\/i><\/div><\/div><div class=\"porto-sicon-header\" style=\"margin-bottom:0px;\"><h3 class=\"porto-sicon-title\" style=\"margin-top:0px;margin-bottom:0px;\">TEL\u00c8FON<\/h3><\/div> <!-- header --><div class=\"porto-sicon-description\" style=\"color:var(--porto-primary-color);\">630503144<\/div> <!-- description --><\/div><!-- porto-sicon-box --><\/a>[\/vc_column_inner][\/vc_row_inner][\/vc_column][\/vc_row][vc_row css=&#8221;.vc_custom_1723797759696{margin-top: 50px !important;margin-bottom: 50px !important;}&#8221; conditional_render=&#8221;%5B%7B%22value_role%22%3A%22administrator%22%7D%5D&#8221;][vc_column][vc_custom_heading text=&#8221;FORMULARI DE CONTACTE&#8221; font_container=&#8221;tag:h2|font_size:32px|text_align:left|color:var(&#8211;porto-primary-color)|line_height:1.2em&#8221; use_theme_fonts=&#8221;yes&#8221; css=&#8221;&#8221; font_family=&#8221;Abel&#8221; text_transform=&#8221;text-uppercase&#8221;]\n<div class=\"wpcf7 no-js\" id=\"wpcf7-f83-o1\" lang=\"es-ES\" dir=\"ltr\" data-wpcf7-id=\"83\">\n<div class=\"screen-reader-response\"><p role=\"status\" aria-live=\"polite\" aria-atomic=\"true\"><\/p> <ul><\/ul><\/div>\n<form action=\"\/ca\/wp-json\/wp\/v2\/pages\/529#wpcf7-f83-o1\" method=\"post\" class=\"wpcf7-form init\" aria-label=\"Formulario de contacto\" novalidate=\"novalidate\" data-status=\"init\">\n<fieldset class=\"hidden-fields-container\"><input type=\"hidden\" name=\"_wpcf7\" value=\"83\" \/><input type=\"hidden\" name=\"_wpcf7_version\" value=\"6.1.4\" \/><input type=\"hidden\" name=\"_wpcf7_locale\" value=\"es_ES\" \/><input type=\"hidden\" name=\"_wpcf7_unit_tag\" value=\"wpcf7-f83-o1\" \/><input type=\"hidden\" name=\"_wpcf7_container_post\" value=\"0\" \/><input type=\"hidden\" name=\"_wpcf7_posted_data_hash\" value=\"\" \/><input type=\"hidden\" name=\"_wpcf7_recaptcha_response\" value=\"\" \/>\n<\/fieldset>\n<div class=\"left\"><p>NOMBRE*<\/p><span class=\"wpcf7-form-control-wrap\" data-name=\"your-name\"><input size=\"40\" maxlength=\"400\" class=\"wpcf7-form-control wpcf7-text wpcf7-validates-as-required\" aria-required=\"true\" aria-invalid=\"false\" value=\"\" type=\"text\" name=\"your-name\" \/><\/span><\/div>\n\n<div class=\"right\"><p>APELLIDOS<\/p><span class=\"wpcf7-form-control-wrap\" data-name=\"your-name\"><input size=\"40\" maxlength=\"400\" class=\"wpcf7-form-control wpcf7-text\" aria-invalid=\"false\" value=\"\" type=\"text\" name=\"your-name\" \/><\/span><\/div>\n\n\n<div class=\"left\"><p>E-MAIL*<\/p><span class=\"wpcf7-form-control-wrap\" data-name=\"your-email\"><input size=\"40\" maxlength=\"400\" class=\"wpcf7-form-control wpcf7-email wpcf7-validates-as-required wpcf7-text wpcf7-validates-as-email\" aria-required=\"true\" aria-invalid=\"false\" value=\"\" type=\"email\" name=\"your-email\" \/><\/span><\/div>\n\n<div class=\"right\"><p>TEL\u00c9FONO<\/p><span class=\"wpcf7-form-control-wrap\" data-name=\"your-phone\"><input size=\"40\" maxlength=\"400\" class=\"wpcf7-form-control wpcf7-text\" aria-invalid=\"false\" value=\"\" type=\"text\" name=\"your-phone\" \/><\/span><\/div>\n\n<p>MENSAJE<\/p>\n<span class=\"wpcf7-form-control-wrap\" data-name=\"your-message\"><textarea cols=\"40\" rows=\"10\" maxlength=\"2000\" class=\"wpcf7-form-control wpcf7-textarea wpcf7-validates-as-required\" aria-required=\"true\" aria-invalid=\"false\" name=\"your-message\"><\/textarea><\/span>\n\n<div class=\"MLH_Form\"><strong>Protecci\u00f3n de datos personales.<\/strong> Utilizaremos sus datos para responder consultas y realizar an\u00e1lisis estad\u00edsticos. Para m\u00e1s informaci\u00f3n sobre el tratamiento y sus derechos, consulte la <a href='https:\/\/aboronatadvocadamediadora.com\/politica-de-privacidad-y-aviso-legal\/' rel='nofollow' target=\"_blank\">Pol\u00edtica de Privacidad<\/a>.<\/div>\n\n<input class=\"wpcf7-form-control wpcf7-submit has-spinner\" type=\"submit\" value=\"Enviar\" \/><div class=\"wpcf7-response-output\" aria-hidden=\"true\"><\/div>\n<\/form>\n<\/div>\n[\/vc_column][\/vc_row][\/vc_section][vc_row full_width_css=&#8221;stretch_row_content_no_spaces_css&#8221; conditional_render=&#8221;%5B%7B%22value_role%22%3A%22administrator%22%7D%5D&#8221; css=&#8221;.vc_custom_1724408091585{padding-top: 50px !important;padding-right: 50px !important;padding-bottom: 50px !important;padding-left: 50px !important;background-color: #f0e2db !important;}&#8221;][vc_column][vc_gmaps link=&#8221;#E-8_JTNDaWZyYW1lJTIwc3JjJTNEJTIyaHR0cHMlM0ElMkYlMkZ3d3cuZ29vZ2xlLmNvbSUyRm1hcHMlMkZlbWJlZCUzRnBiJTNEJTIxMW0xNCUyMTFtOCUyMTFtMyUyMTFkMjEwOC4yMDA5MDUxMDA1OTQlMjEyZDIuNzM5ODU2MjM1NTE0NzMyMiUyMTNkNDEuNjQ2MDk4MDc4MTE2NDYlMjEzbTIlMjExaTEwMjQlMjEyaTc2OCUyMTRmMTMuMSUyMTNtMyUyMTFtMiUyMTFzMHgxMmJiM2Y0NzY0OTc5MjUxJTI1M0EweDdjYjYwMmNhNzQ5Yzc5MDMlMjEyc0FuYSUyNTIwQm9yb25hdCUyNTIwQWJvZ2FkYSUyNTIweSUyNTIwTWVkaWFkb3JhJTIxNWUwJTIxM20yJTIxMXNlcyUyMTJzZXMlMjE0djE3MjYxNDg5MTAxNjYlMjE1bTIlMjExc2VzJTIxMnNlcyUyMiUyMHdpZHRoJTNEJTIyNjAwJTIyJTIwaGVpZ2h0JTNEJTIyNDUwJTIyJTIwc3R5bGUlM0QlMjJib3JkZXIlM0EwJTNCJTIyJTIwYWxsb3dmdWxsc2NyZWVuJTNEJTIyJTIyJTIwbG9hZGluZyUzRCUyMmxhenklMjIlMjByZWZlcnJlcnBvbGljeSUzRCUyMm5vLXJlZmVycmVyLXdoZW4tZG93bmdyYWRlJTIyJTNFJTNDJTJGaWZyYW1lJTNF&#8221; css=&#8221;&#8221;][\/vc_column][\/vc_row][vc_section full_width=&#8221;stretch_row&#8221; el_id=&#8221;cta&#8221; css=&#8221;.vc_custom_1723798211161{background-image: url(https:\/\/aboronatadvocadamediadora.com\/wp-content\/uploads\/2024\/08\/fondo_cta.jpg?id=306) !important;}&#8221; conditional_render=&#8221;%5B%7B%22value_role%22%3A%22administrator%22%7D%5D&#8221;][vc_row][vc_column][vc_custom_heading text=&#8221;Truca&apos;m&#8221; font_container=&#8221;tag:h2|font_size:46px|text_align:center|color:%23c7a999|line_height:1.1em&#8221; use_theme_fonts=&#8221;yes&#8221; css=&#8221;.vc_custom_1723802647383{padding-top: 50px !important;padding-bottom: 50px !important;}&#8221; font_family=&#8221;Abel&#8221; text_transform=&#8221;text-uppercase&#8221; font_weight=&#8221;700&#8243; skin=&#8221;secondary&#8221; hover_color=&#8221;var(&#8211;porto-tertiary-color)&#8221; link=&#8221;url:tel%3A%2B34630503144|target:_blank|&#8221;][\/vc_column][\/vc_row][\/vc_section]<\/p>\n<\/div>","protected":false},"excerpt":{"rendered":"<p>[vc_row][vc_column][vc_custom_heading text=&#8221;ABoronat Advocada i Mediadora &#8211; Contacte&#8221; font_container=&#8221;tag:h1|text_align:left&#8221; use_theme_fonts=&#8221;yes&#8221; css=&#8221;&#8221; el_class=&#8221;d-none&#8221;][\/vc_column][\/vc_row][vc_section css=&#8221;.vc_custom_1723639782995{margin-top: 50px !important;margin-bottom: 50px !important;}&#8221; conditional_render=&#8221;%5B%7B%22value_role%22%3A%22administrator%22%7D%5D&#8221;][vc_row gap=&#8221;15&#8243; conditional_render=&#8221;%5B%7B%22value_role%22%3A%22administrator%22%7D%5D&#8221;][vc_column width=&#8221;1\/2&#8243; css=&#8221;.vc_custom_1723640114911{padding-right: 15px !important;padding-left: 15px !important;}&#8221; conditional_render=&#8221;%5B%7B%22value_role%22%3A%22administrator%22%7D%5D&#8221;][vc_custom_heading text=&#8221;Poseu-vos en contacte amb mi&#8221; font_container=&#8221;tag:h2|font_size:32px|text_align:left|color:var(&#8211;porto-primary-color)|line_height:1.2em&#8221; use_theme_fonts=&#8221;yes&#8221; css=&#8221;.vc_custom_1723639127474{margin-bottom: 20px !important;}&#8221; font_family=&#8221;Abel&#8221; text_transform=&#8221;text-uppercase&#8221;][vc_column_text css=&#8221;&#8221;]S\u00f3c Ana Boronat Advocada i Mediadora , amb seu a Malgrat de Mar, BARCELONA . Estic compromesa [&hellip;]<\/p>\n","protected":false},"author":4,"featured_media":0,"parent":0,"menu_order":0,"comment_status":"closed","ping_status":"closed","template":"","meta":{"_seopress_robots_primary_cat":"","_seopress_titles_title":"","_seopress_titles_desc":"Contacta'ns per rebre assessoria legal en dret civil i matrimonial. Som aqu\u00ed per ajudar-te amb les teves consultes i necessitats legals.","_seopress_robots_index":"","_joinchat":[],"footnotes":""},"class_list":["post-529","page","type-page","status-publish","hentry"],"_links":{"self":[{"href":"https:\/\/aboronatadvocadamediadora.com\/ca\/wp-json\/wp\/v2\/pages\/529","targetHints":{"allow":["GET"]}}],"collection":[{"href":"https:\/\/aboronatadvocadamediadora.com\/ca\/wp-json\/wp\/v2\/pages"}],"about":[{"href":"https:\/\/aboronatadvocadamediadora.com\/ca\/wp-json\/wp\/v2\/types\/page"}],"author":[{"embeddable":true,"href":"https:\/\/aboronatadvocadamediadora.com\/ca\/wp-json\/wp\/v2\/users\/4"}],"replies":[{"embeddable":true,"href":"https:\/\/aboronatadvocadamediadora.com\/ca\/wp-json\/wp\/v2\/comments?post=529"}],"version-history":[{"count":2,"href":"https:\/\/aboronatadvocadamediadora.com\/ca\/wp-json\/wp\/v2\/pages\/529\/revisions"}],"predecessor-version":[{"id":599,"href":"https:\/\/aboronatadvocadamediadora.com\/ca\/wp-json\/wp\/v2\/pages\/529\/revisions\/599"}],"wp:attachment":[{"href":"https:\/\/aboronatadvocadamediadora.com\/ca\/wp-json\/wp\/v2\/media?parent=529"}],"curies":[{"name":"wp","href":"https:\/\/api.w.org\/{rel}","templated":true}]}}